{"id":966,"date":"2018-09-28T11:15:15","date_gmt":"2018-09-28T10:15:15","guid":{"rendered":"https:\/\/swisscanincenter.ch\/?page_id=966"},"modified":"2023-10-09T15:07:55","modified_gmt":"2023-10-09T14:07:55","slug":"training-v2","status":"publish","type":"page","link":"https:\/\/swisscanincenter.ch\/?page_id=966","title":{"rendered":"Kursangebot"},"content":{"rendered":"\n<style type=\"text\/css\" data-created_by=\"avia_inline_auto\" id=\"style-css-av-av_heading-ce9e4af2901a3a671037b6021d53e4e8\">\n#top .av-special-heading.av-av_heading-ce9e4af2901a3a671037b6021d53e4e8{\npadding-bottom:30px;\nfont-size:80px;\n}\nbody .av-special-heading.av-av_heading-ce9e4af2901a3a671037b6021d53e4e8 .av-special-heading-tag .heading-char{\nfont-size:25px;\n}\n#top #wrap_all .av-special-heading.av-av_heading-ce9e4af2901a3a671037b6021d53e4e8 .av-special-heading-tag{\nfont-size:80px;\n}\n.av-special-heading.av-av_heading-ce9e4af2901a3a671037b6021d53e4e8 .av-subheading{\nfont-size:30px;\n}\n\n@media only screen and (min-width: 480px) and (max-width: 767px){ \n#top #wrap_all .av-special-heading.av-av_heading-ce9e4af2901a3a671037b6021d53e4e8 .av-special-heading-tag{\nfont-size:0.8em;\n}\n}\n\n@media only screen and (max-width: 479px){ \n#top #wrap_all .av-special-heading.av-av_heading-ce9e4af2901a3a671037b6021d53e4e8 .av-special-heading-tag{\nfont-size:0.8em;\n}\n}\n<\/style>\n<div  class='av-special-heading av-av_heading-ce9e4af2901a3a671037b6021d53e4e8 av-special-heading-h1 blockquote modern-quote  avia-builder-el-0  el_before_av_three_fourth  avia-builder-el-first  av-thin-font av-inherit-size av-linked-heading'><h1 class='av-special-heading-tag '  itemprop=\"headline\"  >Kurse <strong>&amp;<\/strong> Training<strong>.<\/strong><\/h1><div class=\"special-heading-border\"><div class=\"special-heading-inner-border\"><\/div><\/div><\/div>\n<div  class='flex_column av-av_three_fourth-7714eba142aeda1f8b5272a3c372b279 av_three_fourth  avia-builder-el-1  el_after_av_heading  el_before_av_one_fourth  first flex_column_div  '     ><p>\n<style type=\"text\/css\" data-created_by=\"avia_inline_auto\" id=\"style-css-av-av_heading-b67924eafcbc595ae35c02910d1197fe\">\n#top .av-special-heading.av-av_heading-b67924eafcbc595ae35c02910d1197fe{\npadding-bottom:10px;\n}\nbody .av-special-heading.av-av_heading-b67924eafcbc595ae35c02910d1197fe .av-special-heading-tag .heading-char{\nfont-size:25px;\n}\n.av-special-heading.av-av_heading-b67924eafcbc595ae35c02910d1197fe .av-subheading{\nfont-size:15px;\n}\n<\/style>\n<div  class='av-special-heading av-av_heading-b67924eafcbc595ae35c02910d1197fe av-special-heading-h1 meta-heading blockquote modern-quote  avia-builder-el-2  el_before_av_textblock  avia-builder-el-first '><h1 class='av-special-heading-tag '  itemprop=\"headline\"  >f\u00fcr deinen Hund und dich<\/h1><div class=\"special-heading-border\"><div class=\"special-heading-inner-border\"><\/div><\/div><\/div><br \/>\n<section  class='av_textblock_section av-lniys891-97b4944f6075eeb5a35238c8ddfe542c '   itemscope=\"itemscope\" itemtype=\"https:\/\/schema.org\/CreativeWork\" ><div class='avia_textblock'  itemprop=\"text\" ><p>Die Kurse und Trainings finden in wiederkehrenden Bl\u00f6cken zu je 6 Wochen statt. Trainiert wird je nach Kurs in Gruppen zwischen 4 bis 5 Teams.<\/p>\n<p>Voraussetzung f\u00fcr alle Kurse sind sozialvertr\u00e4gliche*, gesunde Hunde und motivierte Agilityaner, welche das Ziel des Turniersports verfolgen. Fun-Agility-Kurse werden nicht angeboten. Weitere Voraussetzungen sind in den Kursen beschrieben. Ein Einstieg in einen laufenden Block ist u.U. m\u00f6glich.<\/p>\n<p>Weitere Informationen zu den Kursen und Trainings findest du beim entsprechenden Angebot.<\/p>\n<p>*sofern nichts anderes vermerkt.<\/p>\n<\/div><\/section><\/p><\/div><div  class='flex_column av-av_one_fourth-f1c518e9ff58e869f80c8f093487abc9 av_one_fourth  avia-builder-el-4  el_after_av_three_fourth  el_before_av_section  avia-builder-el-last  flex_column_div  '     ><div  class='avia-icon-list-container av-lniyp8ie-9f449de51dc663de7241318f81d6f630  avia-builder-el-5  avia-builder-el-no-sibling '><ul class='avia-icon-list avia_animate_when_almost_visible avia-icon-list-left av-iconlist-small av-lniyp8ie-9f449de51dc663de7241318f81d6f630 avia-iconlist-animate'>\n<li><div class='iconlist_icon av-lniyubj4-91d1e086faa78512df42737683d6b381 avia-font-entypo-fontello'><span class='iconlist-char' aria-hidden='true' data-av_icon='\ue80b' data-av_iconfont='entypo-fontello'><\/span><\/div><article class=\"article-icon-entry \"  itemscope=\"itemscope\" itemtype=\"https:\/\/schema.org\/CreativeWork\" ><div class=\"iconlist_content_wrap\"><header class=\"entry-content-header\" aria-label=\"Icon: Teilnehmerzahl\"><div class='av_iconlist_title iconlist_title_small  '  itemprop=\"headline\" >Teilnehmerzahl<\/div><\/header><div class='iconlist_content '  itemprop=\"text\" ><p>Gruppen \u00e0 4 bis 5 Teams<\/p>\n<\/div><\/div><footer class=\"entry-footer\"><\/footer><\/article><div class=\"iconlist-timeline\"><\/div><\/li>\n<li><div class='iconlist_icon av-av_iconlist_item-9770ca576c7bc63fc1760b1ed5e9cec4 avia-font-entypo-fontello'><span class='iconlist-char' aria-hidden='true' data-av_icon='\ue8cb' data-av_iconfont='entypo-fontello'><\/span><\/div><article class=\"article-icon-entry \"  itemscope=\"itemscope\" itemtype=\"https:\/\/schema.org\/CreativeWork\" ><div class=\"iconlist_content_wrap\"><header class=\"entry-content-header\" aria-label=\"Icon: Kosten\"><div class='av_iconlist_title iconlist_title_small  '  itemprop=\"headline\" >Kosten<\/div><\/header><div class='iconlist_content '  itemprop=\"text\" ><p>CHF 210.- \/ Team je Block*<\/p>\n<\/div><\/div><footer class=\"entry-footer\"><\/footer><\/article><div class=\"iconlist-timeline\"><\/div><\/li>\n<li><div class='iconlist_icon av-av_iconlist_item-9eeb067ec84a2f9b87ac5ff6878efd9f avia-font-entypo-fontello'><span class='iconlist-char' aria-hidden='true' data-av_icon='\ue810' data-av_iconfont='entypo-fontello'><\/span><\/div><article class=\"article-icon-entry \"  itemscope=\"itemscope\" itemtype=\"https:\/\/schema.org\/CreativeWork\" ><div class=\"iconlist_content_wrap\"><header class=\"entry-content-header\" aria-label=\"Icon: Dauer\"><div class='av_iconlist_title iconlist_title_small  '  itemprop=\"headline\" >Dauer<\/div><\/header><div class='iconlist_content '  itemprop=\"text\" ><p>Kursblock \u00e0 6 Einheiten<\/p>\n<\/div><\/div><footer class=\"entry-footer\"><\/footer><\/article><div class=\"iconlist-timeline\"><\/div><\/li>\n<\/ul><\/div><\/div><\/div><\/div><\/div><!-- close content main div --><\/div><\/div><div id='av_section_1'  class='avia-section av-av_section-5e0811f7497a19db6807e8cc9aa7a059 alternate_color avia-section-default avia-no-border-styling  avia-builder-el-6  el_after_av_one_fourth  el_before_av_section  avia-bg-style-scroll container_wrap sidebar_right'  ><div class='container av-section-cont-open' ><div class='template-page content  av-content-small alpha units'><div class='post-entry post-entry-type-page post-entry-966'><div class='entry-content-wrapper clearfix'>\n<div class='flex_column_table av-av_one_half-0a887b58a0a162ade589d3e6a41c45de sc-av_one_half av-equal-height-column-flextable'><div  class='flex_column av-av_one_half-0a887b58a0a162ade589d3e6a41c45de av_one_half  avia-builder-el-7  el_before_av_one_half  avia-builder-el-first  first flex_column_table_cell av-equal-height-column av-align-top  '     ><p>\n<style type=\"text\/css\" data-created_by=\"avia_inline_auto\" id=\"style-css-av-av_image-d9847faaa9d76432586e2952d435628f\">\n.avia-image-container.av-av_image-d9847faaa9d76432586e2952d435628f img.avia_image{\nbox-shadow:none;\n}\n.avia-image-container.av-av_image-d9847faaa9d76432586e2952d435628f .av-image-caption-overlay-center{\ncolor:#ffffff;\n}\n<\/style>\n<div  class='avia-image-container av-av_image-d9847faaa9d76432586e2952d435628f av-styling- avia-align-center  avia-builder-el-8  el_before_av_heading  avia-builder-el-first '   itemprop=\"image\" itemscope=\"itemscope\" itemtype=\"https:\/\/schema.org\/ImageObject\" ><div class=\"avia-image-container-inner\"><div class=\"avia-image-overlay-wrap\"><img decoding=\"async\" fetchpriority=\"high\" class='wp-image-3434 avia-img-lazy-loading-not-3434 avia_image ' src=\"https:\/\/swisscanincenter.ch\/wp-content\/uploads\/kurs_puppy-495x400.jpg\" alt='' title='kurs_puppy'  height=\"400\" width=\"495\"  itemprop=\"thumbnailUrl\" srcset=\"https:\/\/swisscanincenter.ch\/wp-content\/uploads\/kurs_puppy-495x400.jpg 495w, https:\/\/swisscanincenter.ch\/wp-content\/uploads\/kurs_puppy-845x684.jpg 845w\" sizes=\"(max-width: 495px) 100vw, 495px\" \/><\/div><\/div><\/div><br \/>\n\n<style type=\"text\/css\" data-created_by=\"avia_inline_auto\" id=\"style-css-av-av_heading-cd6e82238ab8d42cc8719014ac8d9cb9\">\n#top .av-special-heading.av-av_heading-cd6e82238ab8d42cc8719014ac8d9cb9{\npadding-bottom:10px;\n}\nbody .av-special-heading.av-av_heading-cd6e82238ab8d42cc8719014ac8d9cb9 .av-special-heading-tag .heading-char{\nfont-size:25px;\n}\n.av-special-heading.av-av_heading-cd6e82238ab8d42cc8719014ac8d9cb9 .av-subheading{\nfont-size:15px;\n}\n<\/style>\n<div  class='av-special-heading av-av_heading-cd6e82238ab8d42cc8719014ac8d9cb9 av-special-heading-h2 blockquote modern-quote modern-centered  avia-builder-el-9  el_after_av_image  el_before_av_textblock  av-thin-font'><h2 class='av-special-heading-tag '  itemprop=\"headline\"  >Puppy Basics<strong>.<\/strong><\/h2><div class=\"special-heading-border\"><div class=\"special-heading-inner-border\"><\/div><\/div><\/div><br \/>\n<section  class='av_textblock_section av-av_textblock-7a1af7d8f9790576b1769c0a9f0449ed '   itemscope=\"itemscope\" itemtype=\"https:\/\/schema.org\/CreativeWork\" ><div class='avia_textblock'  itemprop=\"text\" ><p>Fr\u00fch \u00fcbt sich! Lass uns von klein auf eine gute und ehrliche Beziehung zwischen dir und deinem Welpen aufbauen. Darauf baut man sp\u00e4ter ein Leben lang auf.<\/p>\n<p>Spielerisch erlernen wir in verschiedensten \u00dcbungen mit den unterschiedlichsten Eindr\u00fccken umzugehen. Denkspiele bei dem der Hund auf eigene Weise lernt zum Ziel zu kommen geh\u00f6ren ebenso zum Kurs, wie das richtige Spielen um auch eine harmonische Beziehung aufbauen zu k\u00f6nnen.<\/p>\n<h4>Kursinhalt<strong>.<\/strong><\/h4>\n<ul>\n<li>Aufbau Beziehung zwischen dir und deinem Welpen<\/li>\n<li>Spielen &amp; Aufmerksamkeit lernen<\/li>\n<li>Erkunden von neuem Terrain<\/li>\n<li>Basis \u00dcbungen &amp; Kommandos<\/li>\n<\/ul>\n<p>Voraussetzungen: 12 bis 24 Wochen<\/p>\n<\/div><\/section><\/p><\/div><div class='av-flex-placeholder'><\/div><div  class='flex_column av-av_one_half-776923162c92d83497802fbc6ee5cf68 av_one_half  avia-builder-el-11  el_after_av_one_half  el_before_av_one_half  flex_column_table_cell av-equal-height-column av-align-top  '     ><p>\n<style type=\"text\/css\" data-created_by=\"avia_inline_auto\" id=\"style-css-av-lct1pin4-8ba34ce0bdfa52361e5d007890c84558\">\n.avia-image-container.av-lct1pin4-8ba34ce0bdfa52361e5d007890c84558 img.avia_image{\nbox-shadow:none;\n}\n.avia-image-container.av-lct1pin4-8ba34ce0bdfa52361e5d007890c84558 .av-image-caption-overlay-center{\ncolor:#ffffff;\n}\n<\/style>\n<div  class='avia-image-container av-lct1pin4-8ba34ce0bdfa52361e5d007890c84558 av-styling- avia-align-center  avia-builder-el-12  el_before_av_heading  avia-builder-el-first '   itemprop=\"image\" itemscope=\"itemscope\" itemtype=\"https:\/\/schema.org\/ImageObject\" ><div class=\"avia-image-container-inner\"><div class=\"avia-image-overlay-wrap\"><img decoding=\"async\" fetchpriority=\"high\" class='wp-image-14765 avia-img-lazy-loading-not-14765 avia_image ' src=\"https:\/\/swisscanincenter.ch\/wp-content\/uploads\/Sign_am_Start-495x400.jpg\" alt='' title='Sign_am_Start'  height=\"400\" width=\"495\"  itemprop=\"thumbnailUrl\" srcset=\"https:\/\/swisscanincenter.ch\/wp-content\/uploads\/Sign_am_Start-495x400.jpg 495w, https:\/\/swisscanincenter.ch\/wp-content\/uploads\/Sign_am_Start-845x684.jpg 845w\" sizes=\"(max-width: 495px) 100vw, 495px\" \/><\/div><\/div><\/div><br \/>\n\n<style type=\"text\/css\" data-created_by=\"avia_inline_auto\" id=\"style-css-av-av_heading-e58624055a330e80f6b7ae98b0ebc15d\">\n#top .av-special-heading.av-av_heading-e58624055a330e80f6b7ae98b0ebc15d{\npadding-bottom:10px;\n}\nbody .av-special-heading.av-av_heading-e58624055a330e80f6b7ae98b0ebc15d .av-special-heading-tag .heading-char{\nfont-size:25px;\n}\n.av-special-heading.av-av_heading-e58624055a330e80f6b7ae98b0ebc15d .av-subheading{\nfont-size:15px;\n}\n<\/style>\n<div  class='av-special-heading av-av_heading-e58624055a330e80f6b7ae98b0ebc15d av-special-heading-h2 blockquote modern-quote modern-centered  avia-builder-el-13  el_after_av_image  el_before_av_textblock  av-thin-font'><h2 class='av-special-heading-tag '  itemprop=\"headline\"  >Foundations<strong>.<\/strong><\/h2><div class=\"special-heading-border\"><div class=\"special-heading-inner-border\"><\/div><\/div><\/div><br \/>\n<section  class='av_textblock_section av-av_textblock-7a1af7d8f9790576b1769c0a9f0449ed '   itemscope=\"itemscope\" itemtype=\"https:\/\/schema.org\/CreativeWork\" ><div class='avia_textblock'  itemprop=\"text\" ><p>Vertiefe was du im Puppy Basic gelernt hast und bilde eine fundierte Basis f\u00fcr den Einstieg ins Agility oder andere Sportart.<\/p>\n<h4>Kursinhalt<strong>.<\/strong><\/h4>\n<ul>\n<li>Arbeiten unter Ablenkung<\/li>\n<li>F\u00f6rderung koordinativer F\u00e4higkeiten<\/li>\n<li>Aufbau verschiedenster Muskelpartien<\/li>\n<li>Spiel &amp; Spass<\/li>\n<li>Basis\u00fcbungen f\u00fcr Agility (oder andere Sportarten)<\/li>\n<\/ul>\n<p>Voraussetzungen: 6 bis 12 Monaten oder als Einstieg ins Agility<\/p>\n<\/div><\/section><\/p><\/div><\/div><!--close column table wrapper. Autoclose: 1 --><div class='flex_column_table av-av_one_half-0a887b58a0a162ade589d3e6a41c45de sc-av_one_half av-equal-height-column-flextable'><div  class='flex_column av-av_one_half-0a887b58a0a162ade589d3e6a41c45de av_one_half  avia-builder-el-15  el_after_av_one_half  el_before_av_one_half  first flex_column_table_cell av-equal-height-column av-align-top  column-top-margin'     ><p>\n<style type=\"text\/css\" data-created_by=\"avia_inline_auto\" id=\"style-css-av-lct1n1my-bb5e7acfb59adbe41b8ddb10f6980fd9\">\n.avia-image-container.av-lct1n1my-bb5e7acfb59adbe41b8ddb10f6980fd9 img.avia_image{\nbox-shadow:none;\n}\n.avia-image-container.av-lct1n1my-bb5e7acfb59adbe41b8ddb10f6980fd9 .av-image-caption-overlay-center{\ncolor:#ffffff;\n}\n<\/style>\n<div  class='avia-image-container av-lct1n1my-bb5e7acfb59adbe41b8ddb10f6980fd9 av-styling- avia-align-center  avia-builder-el-16  el_before_av_heading  avia-builder-el-first '   itemprop=\"image\" itemscope=\"itemscope\" itemtype=\"https:\/\/schema.org\/ImageObject\" ><div class=\"avia-image-container-inner\"><div class=\"avia-image-overlay-wrap\"><img decoding=\"async\" fetchpriority=\"high\" class='wp-image-14769 avia-img-lazy-loading-not-14769 avia_image ' src=\"https:\/\/swisscanincenter.ch\/wp-content\/uploads\/Sign_Wippe-495x400.jpg\" alt='' title='Sign_Wippe'  height=\"400\" width=\"495\"  itemprop=\"thumbnailUrl\" srcset=\"https:\/\/swisscanincenter.ch\/wp-content\/uploads\/Sign_Wippe-495x400.jpg 495w, https:\/\/swisscanincenter.ch\/wp-content\/uploads\/Sign_Wippe-845x684.jpg 845w\" sizes=\"(max-width: 495px) 100vw, 495px\" \/><\/div><\/div><\/div><br \/>\n\n<style type=\"text\/css\" data-created_by=\"avia_inline_auto\" id=\"style-css-av-av_heading-0e3ff05c0109126024e19a84a6059a82\">\n#top .av-special-heading.av-av_heading-0e3ff05c0109126024e19a84a6059a82{\npadding-bottom:10px;\n}\nbody .av-special-heading.av-av_heading-0e3ff05c0109126024e19a84a6059a82 .av-special-heading-tag .heading-char{\nfont-size:25px;\n}\n.av-special-heading.av-av_heading-0e3ff05c0109126024e19a84a6059a82 .av-subheading{\nfont-size:15px;\n}\n<\/style>\n<div  class='av-special-heading av-av_heading-0e3ff05c0109126024e19a84a6059a82 av-special-heading-h2 blockquote modern-quote modern-centered  avia-builder-el-17  el_after_av_image  el_before_av_textblock  av-thin-font'><h2 class='av-special-heading-tag '  itemprop=\"headline\"  >Agility Aufbau<strong>.<\/strong><\/h2><div class=\"special-heading-border\"><div class=\"special-heading-inner-border\"><\/div><\/div><\/div><br \/>\n<section  class='av_textblock_section av-av_textblock-7a1af7d8f9790576b1769c0a9f0449ed '   itemscope=\"itemscope\" itemtype=\"https:\/\/schema.org\/CreativeWork\" ><div class='avia_textblock'  itemprop=\"text\" ><p>Erhalte eine saubere Agility Ausbilung, aufbauend auf unseren Puppy Basic und Foundation-Kursen. Alle Ger\u00e4te werden schrittweise angelernt und teilweise in kleinen Sequenzen ge\u00fcbt.<\/p>\n<p>Egal ob du schon Agility gemacht hast oder diese agile Sportart Neuland f\u00fcr dich ist. Agility will so oder so gelernt sein. Dabei ist es nicht nur wichtig die einzelnen Ger\u00e4te zu erlernen, sondern auch den Hund &#8211; seinen Teampartner &#8211; lesen zu k\u00f6nnen um ein gutes Team zu werden.<\/p>\n<p>Mit einfach \u00dcbungen und positivem Training tasten wir uns allm\u00e4hlich an die Komplexit\u00e4t dieses Sportes heran. Auf diese Weise kommt die Freude nie zu kurz.<\/p>\n<h4>Kursinhalt<strong>.<\/strong><\/h4>\n<ul>\n<li>Erlernen der verschiedenen Ger\u00e4te<\/li>\n<li>Kennenlernen der F\u00fchrtechniken und Basiswechseln<\/li>\n<li>Ein Gef\u00fchl f\u00fcr seinen Teampartner &#8211; deinen Hund &#8211; entwickeln<\/li>\n<\/ul>\n<p>Voraussetzungen: Ab 11 Monaten. Absolut guter und zuverl\u00e4ssiger Grundgehorsam.<\/p>\n<\/div><\/section><\/p><\/div><div class='av-flex-placeholder'><\/div><div  class='flex_column av-av_one_half-f1c518e9ff58e869f80c8f093487abc9 av_one_half  avia-builder-el-19  el_after_av_one_half  avia-builder-el-last  flex_column_table_cell av-equal-height-column av-align-top  column-top-margin'     ><p>\n<style type=\"text\/css\" data-created_by=\"avia_inline_auto\" id=\"style-css-av-av_image-f2a3522fde2008e7a6f9f6188c2f3734\">\n.avia-image-container.av-av_image-f2a3522fde2008e7a6f9f6188c2f3734 img.avia_image{\nbox-shadow:none;\n}\n.avia-image-container.av-av_image-f2a3522fde2008e7a6f9f6188c2f3734 .av-image-caption-overlay-center{\ncolor:#ffffff;\n}\n<\/style>\n<div  class='avia-image-container av-av_image-f2a3522fde2008e7a6f9f6188c2f3734 av-styling- avia-align-center  avia-builder-el-20  el_before_av_heading  avia-builder-el-first '   itemprop=\"image\" itemscope=\"itemscope\" itemtype=\"https:\/\/schema.org\/ImageObject\" ><div class=\"avia-image-container-inner\"><div class=\"avia-image-overlay-wrap\"><img decoding=\"async\" fetchpriority=\"high\" class='wp-image-1148 avia-img-lazy-loading-not-1148 avia_image ' src=\"https:\/\/swisscanincenter.ch\/wp-content\/uploads\/2018\/09\/Winner_84D6361-495x400.jpg\" alt='' title='Winner_84D6361'  height=\"400\" width=\"495\"  itemprop=\"thumbnailUrl\" srcset=\"https:\/\/swisscanincenter.ch\/wp-content\/uploads\/2018\/09\/Winner_84D6361-495x400.jpg 495w, https:\/\/swisscanincenter.ch\/wp-content\/uploads\/2018\/09\/Winner_84D6361-845x684.jpg 845w\" sizes=\"(max-width: 495px) 100vw, 495px\" \/><\/div><\/div><\/div><br \/>\n\n<style type=\"text\/css\" data-created_by=\"avia_inline_auto\" id=\"style-css-av-av_heading-887db070d105ec5a64434b8e050a973b\">\n#top .av-special-heading.av-av_heading-887db070d105ec5a64434b8e050a973b{\npadding-bottom:10px;\n}\nbody .av-special-heading.av-av_heading-887db070d105ec5a64434b8e050a973b .av-special-heading-tag .heading-char{\nfont-size:25px;\n}\n.av-special-heading.av-av_heading-887db070d105ec5a64434b8e050a973b .av-subheading{\nfont-size:15px;\n}\n<\/style>\n<div  class='av-special-heading av-av_heading-887db070d105ec5a64434b8e050a973b av-special-heading-h2 blockquote modern-quote modern-centered  avia-builder-el-21  el_after_av_image  el_before_av_textblock  av-thin-font'><h2 class='av-special-heading-tag '  itemprop=\"headline\"  >Agility Training<strong>.<\/strong><\/h2><div class=\"special-heading-border\"><div class=\"special-heading-inner-border\"><\/div><\/div><\/div><br \/>\n<section  class='av_textblock_section av-av_textblock-7a1af7d8f9790576b1769c0a9f0449ed '   itemscope=\"itemscope\" itemtype=\"https:\/\/schema.org\/CreativeWork\" ><div class='avia_textblock'  itemprop=\"text\" ><p>F\u00fcr Wettkampfbegeisterte und die es noch werden wollen. Im w\u00f6chentlichen Agility Training stellen wir uns immer wieder neuen Herausforderungen und optimieren stetig unser Handling.<\/p>\n<p>Das w\u00f6chentliche Training ist eine effektive Art um Agility zu trainieren. Vom Anf\u00e4nger bis zum Wettkampfteam, von Klasse 1 bis 3, von Small bis Large, bieten wir dir w\u00f6chentlich kompetente Trainings an.<\/p>\n<p>Du trainierst in einer Gruppe w\u00e4hrend einer Einheit (Trainingszeit abh\u00e4ngig von der Gruppengr\u00f6sse). Wenn m\u00f6glich werden die Gruppen deiner Leistungsklasse und Kategorie entsprechend erstellt. Dadurch wird die M\u00f6glichkeit geschaffen die einzelnen Teams noch besser f\u00f6rdern zu k\u00f6nnen.<\/p>\n<p>Voraussetzungen: Alle Ger\u00e4te sind vollst\u00e4ndig angelernt. Einstieg laufend m\u00f6glich.<\/p>\n<\/div><\/section><\/p><\/div><\/div><!--close column table wrapper. Autoclose: 1 -->\n<\/p>\n<\/div><\/div><\/div><!-- close content main div --><\/div><\/div><div id='av_section_2'  class='avia-section av-av_section-f5cdf9945c56929d6d3b87b9f1521b8a main_color avia-section-default avia-no-border-styling  avia-builder-el-23  el_after_av_section  el_before_av_postcontent  avia-bg-style-scroll container_wrap sidebar_right'  ><div class='container av-section-cont-open' ><div class='template-page content  av-content-small alpha units'><div class='post-entry post-entry-type-page post-entry-966'><div class='entry-content-wrapper clearfix'>\n<div  class='flex_column av-av_one_full-7714eba142aeda1f8b5272a3c372b279 av_one_full  avia-builder-el-24  avia-builder-el-no-sibling  first flex_column_div  '     ><p>\n<style type=\"text\/css\" data-created_by=\"avia_inline_auto\" id=\"style-css-av-av_heading-78486617476cd6f5fc1c4bd5903118b8\">\n#top .av-special-heading.av-av_heading-78486617476cd6f5fc1c4bd5903118b8{\npadding-bottom:10px;\n}\nbody .av-special-heading.av-av_heading-78486617476cd6f5fc1c4bd5903118b8 .av-special-heading-tag .heading-char{\nfont-size:25px;\n}\n.av-special-heading.av-av_heading-78486617476cd6f5fc1c4bd5903118b8 .av-subheading{\nfont-size:15px;\n}\n<\/style>\n<div  class='av-special-heading av-av_heading-78486617476cd6f5fc1c4bd5903118b8 av-special-heading-h2 blockquote modern-quote modern-centered  avia-builder-el-25  el_before_av_codeblock  avia-builder-el-first  av-thin-font'><h2 class='av-special-heading-tag '  itemprop=\"headline\"  >Anfrage Kursplatz<strong>.<\/strong><\/h2><div class=\"special-heading-border\"><div class=\"special-heading-inner-border\"><\/div><\/div><\/div><br \/>\n<\/p><\/div>\n\n[av_textblock textblock_styling_align='' textblock_styling='' textblock_styling_gap='' textblock_styling_mobile='' size='14' av-desktop-font-size='' av-medium-font-size='' av-small-font-size='' av-mini-font-size='' font_color='' color='' id='' custom_class='' template_class='' av_uid='av-jrp0oeqx' sc_version='1.0' admin_preview_bg='']\n*Es gelten unsere <a href=\"https:\/\/swisscanincenter.ch\/wp-content\/uploads\/2019\/10\/SCC_AGB_DE_v2.pdf\" target=\"_blank\" rel=\"noopener\">AGB<\/a>s. Diese k\u00f6nnen <a href=\"https:\/\/swisscanincenter.ch\/wp-content\/uploads\/2019\/10\/SCC_AGB_DE_v2.pdf\" target=\"_blank\" rel=\"noopener\">HIER<\/a> eingesehen werden.\n[\/av_textblock]\n","protected":false},"excerpt":{"rendered":"","protected":false},"author":1,"featured_media":0,"parent":0,"menu_order":31,"comment_status":"closed","ping_status":"closed","template":"","meta":{"footnotes":""},"class_list":["post-966","page","type-page","status-publish","hentry"],"_links":{"self":[{"href":"https:\/\/swisscanincenter.ch\/index.php?rest_route=\/wp\/v2\/pages\/966","targetHints":{"allow":["GET"]}}],"collection":[{"href":"https:\/\/swisscanincenter.ch\/index.php?rest_route=\/wp\/v2\/pages"}],"about":[{"href":"https:\/\/swisscanincenter.ch\/index.php?rest_route=\/wp\/v2\/types\/page"}],"author":[{"embeddable":true,"href":"https:\/\/swisscanincenter.ch\/index.php?rest_route=\/wp\/v2\/users\/1"}],"replies":[{"embeddable":true,"href":"https:\/\/swisscanincenter.ch\/index.php?rest_route=%2Fwp%2Fv2%2Fcomments&post=966"}],"version-history":[{"count":50,"href":"https:\/\/swisscanincenter.ch\/index.php?rest_route=\/wp\/v2\/pages\/966\/revisions"}],"predecessor-version":[{"id":17708,"href":"https:\/\/swisscanincenter.ch\/index.php?rest_route=\/wp\/v2\/pages\/966\/revisions\/17708"}],"wp:attachment":[{"href":"https:\/\/swisscanincenter.ch\/index.php?rest_route=%2Fwp%2Fv2%2Fmedia&parent=966"}],"curies":[{"name":"wp","href":"https:\/\/api.w.org\/{rel}","templated":true}]}}