{"id":4921,"date":"2020-10-11T15:18:02","date_gmt":"2020-10-11T14:18:02","guid":{"rendered":"https:\/\/swisscanincenter.ch\/?page_id=4921"},"modified":"2024-01-16T18:30:02","modified_gmt":"2024-01-16T17:30:02","slug":"turnierinfos","status":"publish","type":"page","link":"https:\/\/swisscanincenter.ch\/?page_id=4921","title":{"rendered":"Turnier-Bestimmungen"},"content":{"rendered":"\n<style type=\"text\/css\" data-created_by=\"avia_inline_auto\" id=\"style-css-av-826zrd-6b52dba573471ac4f45d44d1568b5898\">\n#top .av-special-heading.av-826zrd-6b52dba573471ac4f45d44d1568b5898{\npadding-bottom:30px;\nfont-size:80px;\n}\nbody .av-special-heading.av-826zrd-6b52dba573471ac4f45d44d1568b5898 .av-special-heading-tag .heading-char{\nfont-size:25px;\n}\n#top #wrap_all .av-special-heading.av-826zrd-6b52dba573471ac4f45d44d1568b5898 .av-special-heading-tag{\nfont-size:80px;\n}\n.av-special-heading.av-826zrd-6b52dba573471ac4f45d44d1568b5898 .av-subheading{\nfont-size:15px;\n}\n\n@media only screen and (min-width: 480px) and (max-width: 767px){ \n#top #wrap_all .av-special-heading.av-826zrd-6b52dba573471ac4f45d44d1568b5898 .av-special-heading-tag{\nfont-size:0.8em;\n}\n}\n\n@media only screen and (max-width: 479px){ \n#top #wrap_all .av-special-heading.av-826zrd-6b52dba573471ac4f45d44d1568b5898 .av-special-heading-tag{\nfont-size:0.8em;\n}\n}\n<\/style>\n<div  class='av-special-heading av-826zrd-6b52dba573471ac4f45d44d1568b5898 av-special-heading-h1 blockquote modern-quote  avia-builder-el-0  el_before_av_toggle_container  avia-builder-el-first  av-thin-font av-inherit-size'><h1 class='av-special-heading-tag '  itemprop=\"headline\"  >BESTIMMUNGEN<strong>.<\/strong><\/h1><div class=\"special-heading-border\"><div class=\"special-heading-inner-border\"><\/div><\/div><\/div>\n<div  class='togglecontainer av-jlwtz9ok-1f02c32ce3fadf8e0dad9b088efc565e av-minimal-toggle  avia-builder-el-1  el_after_av_heading  el_before_av_hr ' >\n<section class='av_toggle_section av-5gesjt-e61fe7bde9c6fd593e1165b543344fd7'  itemscope=\"itemscope\" itemtype=\"https:\/\/schema.org\/CreativeWork\" ><div role=\"tablist\" class=\"single_toggle\" data-tags=\"{Alle} \"  ><p id='toggle-toggle-id-1' data-fake-id='#toggle-id-1' class='toggler  av-title-above '  itemprop=\"headline\"  role='tab' tabindex='0' aria-controls='toggle-id-1' data-slide-speed=\"200\" data-title=\"Allgemein\" data-title-open=\"\" data-aria_collapsed=\"Click to expand: Allgemein\" data-aria_expanded=\"Click to collapse: Allgemein\">Allgemein<span class=\"toggle_icon\"><span class=\"vert_icon\"><\/span><span class=\"hor_icon\"><\/span><\/span><\/p><div id='toggle-id-1' aria-labelledby='toggle-toggle-id-1' role='region' class='toggle_wrap  av-title-above'  ><div class='toggle_content invers-color '  itemprop=\"text\" ><h4>Turnierort<\/h4>\n<p>Turnierort des SWISS CANIN CENTER ist die Swiss Dog Arena in M\u00fcnsingen.<\/p>\n<p>Adresse: Dammweg 1h, 3110 M\u00fcnsingen<br \/>\nAdresse GPS: Belpbergstrasse, 3110 M\u00fcnsingen<br \/>\noder gib &#8222;SWISS CANIN CENTER&#8220; in Google Maps ein.<\/p>\n<h4>Parkpl\u00e4tze<\/h4>\n<p>Es stehen kostenlose Parkpl\u00e4tze in der Einstellhalle der Arena zur Verf\u00fcgung. Die Anzahl ist begrenzt.<br \/>\nWeitere Parkpl\u00e4tze sind f\u00fcr CHF 5.-\/Tag auf dem \u00f6ffentlichen Badiparkplatz neben der Arena vorhanden.<\/p>\n<h4>Corona<\/h4>\n<p>Informationen zu den Schutzmassnahmen und Regeln zur Eind\u00e4mmung von COVID-19 findest du in unserem <a href=\"https:\/\/swisscanincenter.ch\/?page_id=3641\">Corona Infohub<\/a>.<\/p>\n<h4>Hausordnung<\/h4>\n<p>Es gilt die Hausordnung der Swiss Dog Arena GmbH.<\/p>\n<h4>Versicherung<\/h4>\n<p>Versicherung ist Sache der Teilnehmer. Das SWISS CANIN CENTER lehnt jegliche Haftung ab.<\/p>\n<h4>Datenschutz<\/h4>\n<p>Mit der Anmeldung gibt die Person ihre stillschweigende Einwilligung, dass ihre Personendaten f\u00fcr Start- und Ranglisten ver\u00f6ffentlicht werden d\u00fcrfen.<\/p>\n<\/div><\/div><\/div><\/section>\n<section class='av_toggle_section av-4jl5yx-2f9275e599d6dde0f770e7c02c995ad1'  itemscope=\"itemscope\" itemtype=\"https:\/\/schema.org\/CreativeWork\" ><div role=\"tablist\" class=\"single_toggle\" data-tags=\"{Alle} \"  ><p id='toggle-toggle-id-2' data-fake-id='#toggle-id-2' class='toggler  av-title-above '  itemprop=\"headline\"  role='tab' tabindex='0' aria-controls='toggle-id-2' data-slide-speed=\"200\" data-title=\"Anmeldung &amp; Startgeld\" data-title-open=\"\" data-aria_collapsed=\"Click to expand: Anmeldung &amp; Startgeld\" data-aria_expanded=\"Click to collapse: Anmeldung &amp; Startgeld\">Anmeldung &amp; Startgeld<span class=\"toggle_icon\"><span class=\"vert_icon\"><\/span><span class=\"hor_icon\"><\/span><\/span><\/p><div id='toggle-id-2' aria-labelledby='toggle-toggle-id-2' role='region' class='toggle_wrap  av-title-above'  ><div class='toggle_content invers-color '  itemprop=\"text\" ><h4>Anmeldung<\/h4>\n<p>Die Turniere werden \u00fcber den Dienst AOA ausgeschrieben. F\u00fcr die Anmeldung wird ebenfalls der Dienst AOA verwendet.<br \/>\nEine Anmeldung ist verbindlich und verpflichtet zur Zahlung. Abmeldungen werden gem\u00e4ss Abmeldekonditionen behandelt.<\/p>\n<h4>Rechnungsstellung<\/h4>\n<p>Die Rechnungsstellung erfolgt per E-Mail. Der Startplatz gilt erst nach Eingang der Zahlung gesichert.<\/p>\n<h4>Mutationen<\/h4>\n<p>Mutationen m\u00fcssen direkt in AOA erfolgen. Mutationen werden <strong>bis maximal Freitag, 12.00 Uhr<\/strong> vor dem Turnierwochenende ber\u00fccksichtigt.<\/p>\n<h4>Startgeld<\/h4>\n<p>Die Startgeb\u00fchr ist jeweils in der Ausschreibung aufgef\u00fchrt.<br \/>\nWir gew\u00e4hren eine Startgeldreduktion von CHF 5.- ab dem 2. Hund, bei gleichem Hundef\u00fchrer, sofern in der Ausschreibung ausgewiesen.<\/p>\n<\/div><\/div><\/div><\/section>\n<section class='av_toggle_section av-3ajic9-5b23525920bad3cdebc63b27d9ee3b2f'  itemscope=\"itemscope\" itemtype=\"https:\/\/schema.org\/CreativeWork\" ><div role=\"tablist\" class=\"single_toggle\" data-tags=\"{Alle} \"  ><p id='toggle-toggle-id-3' data-fake-id='#toggle-id-3' class='toggler  av-title-above '  itemprop=\"headline\"  role='tab' tabindex='0' aria-controls='toggle-id-3' data-slide-speed=\"200\" data-title=\"Abmeldekonditionen\" data-title-open=\"\" data-aria_collapsed=\"Click to expand: Abmeldekonditionen\" data-aria_expanded=\"Click to collapse: Abmeldekonditionen\">Abmeldekonditionen<span class=\"toggle_icon\"><span class=\"vert_icon\"><\/span><span class=\"hor_icon\"><\/span><\/span><\/p><div id='toggle-id-3' aria-labelledby='toggle-toggle-id-3' role='region' class='toggle_wrap  av-title-above'  ><div class='toggle_content invers-color '  itemprop=\"text\" ><p><strong>Aufgrund der hohen Abmeldungen vor einem Turniertag (+\/-80 Abmeldungen pro Turniertag, +\/-160 Abmeldungen pro Wochenende) und des damit verbundenen administrativen Aufwands, sehen wir uns gezwungen die Abmeldekonditionen entsprechend anzupassen.<\/strong><\/p>\n<p>F\u00fcr alle Turniere, sofern nichts anderes explizit vermerkt ist, gelten die folgenden Konditionen bei Abmeldungen*.<\/p>\n<ul>\n<li>Anmeldungen sind grunds\u00e4tzlich verbindlich<\/li>\n<li>Es wird nicht mehr zwischen fr\u00fchzeitiger und kurzfristiger Abmeldung unterschieden<\/li>\n<li>Die Rechnungsstellung erfolgt fr\u00fchzeitig. Der Starplatz ist nach Eingang der Zahlung gesichert<\/li>\n<li>Bei Nichtbezahlung der Startgeb\u00fchr innert Zahlungsfrist entf\u00e4llt der Startplatz ohne weitere Erinnerung<\/li>\n<li><del>Fr\u00fchzeitige Abmeldungen sind kostenfrei (bis und mit Sonntag vor dem Turniertag)<\/del><\/li>\n<li>Bei kurzfristigen Abmeldungen, welche ab Montag vor dem Turniertag eingehen ist in jedem Fall die komplette Startgeb\u00fchr geschuldet*<\/li>\n<\/ul>\n<p>Was sind meine Optionen bei einer <del>kurzfristigen<\/del> Abmeldung?<\/p>\n<ul>\n<li>Du kannst f\u00fcr deinen Startplatz ein Ersatzteam stellen<\/li>\n<li>Das Ersatzteam muss bis sp\u00e4testens Freitag, 12.00 Uhr der Meldestelle schriftlich per E-Mail mitgeteilt werden<\/li>\n<li>In diesem Fall bezahlst du die Rechnung und kannst das Startgeld bei deinem Ersatzteam einfordern.<\/li>\n<\/ul>\n<p>R\u00fcckerstattungen, sofern valabel, werden abz\u00fcglich CHF 5.- Bankspesen und Geb\u00fchren get\u00e4tigt.<\/p>\n<\/div><\/div><\/div><\/section>\n<section class='av_toggle_section av-ytsp-b256bce3a98f74e4eb3de9bca8146696'  itemscope=\"itemscope\" itemtype=\"https:\/\/schema.org\/CreativeWork\" ><div role=\"tablist\" class=\"single_toggle\" data-tags=\"{Alle} \"  ><p id='toggle-toggle-id-4' data-fake-id='#toggle-id-4' class='toggler  av-title-above '  itemprop=\"headline\"  role='tab' tabindex='0' aria-controls='toggle-id-4' data-slide-speed=\"200\" data-title=\"Camping\" data-title-open=\"\" data-aria_collapsed=\"Click to expand: Camping\" data-aria_expanded=\"Click to collapse: Camping\">Camping<span class=\"toggle_icon\"><span class=\"vert_icon\"><\/span><span class=\"hor_icon\"><\/span><\/span><\/p><div id='toggle-id-4' aria-labelledby='toggle-toggle-id-4' role='region' class='toggle_wrap  av-title-above'  ><div class='toggle_content invers-color '  itemprop=\"text\" ><p>Die Swiss Dog Arena verf\u00fcgt \u00fcber 16 Stellpl\u00e4tze f\u00fcr Wohnmobile und Wohnwagen direkt bei der Arena. Alle Stellpl\u00e4tze sind auf Pflastersteinen und verf\u00fcgen \u00fcber separate Stromanschl\u00fcsse.<\/p>\n<p>In der Arena stehen den Campern f\u00fcr die Dauer des Turniers die Sanit\u00e4ranlagen, bestehend aus Toiletten und Duschen zur freien Verf\u00fcgung.<\/p>\n<p>Eine Frischwasserabgabe ist bei den Stellpl\u00e4tzen vorhanden. Alle Stellplatzbenutzer werden gebeten, das Abwasser zu sammeln. Eine Entleerungsstelle f\u00fcr F\u00e4kalientanks und Abwasser steht keine zur Verf\u00fcgung.<\/p>\n<p>Stellpl\u00e4tze werden direkt \u00fcber das Buchungssystem der Arena reserviert. Siehe dazu <a href=\"https:\/\/swisscanincenter.ch\/?page_id=6083\">Camping-Info<\/a>.<\/p>\n<\/div><\/div><\/div><\/section>\n<\/div>\n\n<style type=\"text\/css\" data-created_by=\"avia_inline_auto\" id=\"style-css-av-jok0wadv-fe7649e5b98479397c09b27a81165892\">\n#top .hr.hr-invisible.av-jok0wadv-fe7649e5b98479397c09b27a81165892{\nheight:25px;\n}\n<\/style>\n<div  class='hr av-jok0wadv-fe7649e5b98479397c09b27a81165892 hr-invisible  avia-builder-el-2  el_after_av_toggle_container  el_before_av_textblock '><span class='hr-inner '><span class=\"hr-inner-style\"><\/span><\/span><\/div>\n\n<style type=\"text\/css\" data-created_by=\"avia_inline_auto\" id=\"style-css-av-kg5dnt1h-34e7b26446be24b26b3058bf6da94041\">\n#top .av_textblock_section.av-kg5dnt1h-34e7b26446be24b26b3058bf6da94041 .avia_textblock{\nfont-size:12px;\n}\n<\/style>\n<section  class='av_textblock_section av-kg5dnt1h-34e7b26446be24b26b3058bf6da94041 '   itemscope=\"itemscope\" itemtype=\"https:\/\/schema.org\/CreativeWork\" ><div class='avia_textblock'  itemprop=\"text\" ><p>*Alle Punkte gelten, sofern nichts anderes in der Ausschreibung vermerkt ist.<\/p>\n<p>**Im Zweifel gilt immer die deutsche Ausf\u00fchrung unserer Bestimmungen.<\/p>\n<\/div><\/section>\n\n<style type=\"text\/css\" data-created_by=\"avia_inline_auto\" id=\"style-css-av-jok0wadv-1-5c922ecbb292e844245661fe603e6765\">\n#top .hr.hr-invisible.av-jok0wadv-1-5c922ecbb292e844245661fe603e6765{\nheight:50px;\n}\n<\/style>\n<div  class='hr av-jok0wadv-1-5c922ecbb292e844245661fe603e6765 hr-invisible  avia-builder-el-4  el_after_av_textblock  el_before_av_section  avia-builder-el-last '><span class='hr-inner '><span class=\"hr-inner-style\"><\/span><\/span><\/div>\n<\/div><\/div><\/div><!-- close content main div --><\/div><\/div>\n<style type=\"text\/css\" data-created_by=\"avia_inline_auto\" id=\"style-css-av-jmlrwcn4-701b283d334dae40a9f9f18270dccb7f\">\n.avia-section.av-jmlrwcn4-701b283d334dae40a9f9f18270dccb7f .av-parallax .av-parallax-inner{\nbackground-repeat:no-repeat;\nbackground-image:url(https:\/\/swisscanincenter.ch\/wp-content\/uploads\/2018\/10\/action_take_tunnel.jpg);\nbackground-position:50% 100%;\nbackground-attachment:scroll;\n}\n<\/style>\n<div id='av_section_1'  class='avia-section av-jmlrwcn4-701b283d334dae40a9f9f18270dccb7f main_color avia-section-default avia-no-border-styling  avia-builder-el-5  el_after_av_hr  avia-builder-el-last  avia-full-stretch av-parallax-section avia-bg-style-parallax av-minimum-height av-minimum-height-50 av-height-50  container_wrap sidebar_right'  data-section-bg-repeat='stretch' data-av_minimum_height_pc='50' data-av_min_height_opt='50'><div class='av-parallax' data-avia-parallax-ratio='0.3' ><div class='av-parallax-inner main_color avia-full-stretch'><\/div><\/div><div class='container av-section-cont-open' ><div class='template-page content  av-content-small alpha units'><div class='post-entry post-entry-type-page post-entry-4921'><div class='entry-content-wrapper clearfix'><\/div><\/div><\/div><!-- close content main div --><\/div><\/div><div id='after_section_1'  class='main_color av_default_container_wrap container_wrap sidebar_right'  ><div class='container av-section-cont-open' ><div class='template-page content  av-content-small alpha units'><div class='post-entry post-entry-type-page post-entry-4921'><div class='entry-content-wrapper clearfix'>\n","protected":false},"excerpt":{"rendered":"","protected":false},"author":1,"featured_media":0,"parent":811,"menu_order":21,"comment_status":"closed","ping_status":"closed","template":"","meta":{"footnotes":""},"class_list":["post-4921","page","type-page","status-publish","hentry"],"_links":{"self":[{"href":"https:\/\/swisscanincenter.ch\/index.php?rest_route=\/wp\/v2\/pages\/4921","targetHints":{"allow":["GET"]}}],"collection":[{"href":"https:\/\/swisscanincenter.ch\/index.php?rest_route=\/wp\/v2\/pages"}],"about":[{"href":"https:\/\/swisscanincenter.ch\/index.php?rest_route=\/wp\/v2\/types\/page"}],"author":[{"embeddable":true,"href":"https:\/\/swisscanincenter.ch\/index.php?rest_route=\/wp\/v2\/users\/1"}],"replies":[{"embeddable":true,"href":"https:\/\/swisscanincenter.ch\/index.php?rest_route=%2Fwp%2Fv2%2Fcomments&post=4921"}],"version-history":[{"count":23,"href":"https:\/\/swisscanincenter.ch\/index.php?rest_route=\/wp\/v2\/pages\/4921\/revisions"}],"predecessor-version":[{"id":18521,"href":"https:\/\/swisscanincenter.ch\/index.php?rest_route=\/wp\/v2\/pages\/4921\/revisions\/18521"}],"up":[{"embeddable":true,"href":"https:\/\/swisscanincenter.ch\/index.php?rest_route=\/wp\/v2\/pages\/811"}],"wp:attachment":[{"href":"https:\/\/swisscanincenter.ch\/index.php?rest_route=%2Fwp%2Fv2%2Fmedia&parent=4921"}],"curies":[{"name":"wp","href":"https:\/\/api.w.org\/{rel}","templated":true}]}}