{"id":14621,"date":"2019-02-18T22:07:26","date_gmt":"2019-02-18T21:07:26","guid":{"rendered":"https:\/\/swisscanincenter.ch\/?page_id=14621"},"modified":"2023-01-05T11:38:03","modified_gmt":"2023-01-05T10:38:03","slug":"aide","status":"publish","type":"page","link":"https:\/\/swisscanincenter.ch\/?page_id=14621&lang=fr","title":{"rendered":"Aide"},"content":{"rendered":"\n<style type=\"text\/css\" data-created_by=\"avia_inline_auto\" id=\"style-css-av-28fwoe-3ec117cfe996d4f76494eab2a8ba87ba\">\n#top .av-special-heading.av-28fwoe-3ec117cfe996d4f76494eab2a8ba87ba{\npadding-bottom:30px;\nfont-size:80px;\n}\nbody .av-special-heading.av-28fwoe-3ec117cfe996d4f76494eab2a8ba87ba .av-special-heading-tag .heading-char{\nfont-size:25px;\n}\n#top #wrap_all .av-special-heading.av-28fwoe-3ec117cfe996d4f76494eab2a8ba87ba .av-special-heading-tag{\nfont-size:80px;\n}\n.av-special-heading.av-28fwoe-3ec117cfe996d4f76494eab2a8ba87ba .av-subheading{\nfont-size:15px;\n}\n\n@media only screen and (min-width: 480px) and (max-width: 767px){ \n#top #wrap_all .av-special-heading.av-28fwoe-3ec117cfe996d4f76494eab2a8ba87ba .av-special-heading-tag{\nfont-size:0.8em;\n}\n}\n\n@media only screen and (max-width: 479px){ \n#top #wrap_all .av-special-heading.av-28fwoe-3ec117cfe996d4f76494eab2a8ba87ba .av-special-heading-tag{\nfont-size:0.8em;\n}\n}\n<\/style>\n<div  class='av-special-heading av-28fwoe-3ec117cfe996d4f76494eab2a8ba87ba av-special-heading-h1 blockquote modern-quote  avia-builder-el-0  el_before_av_section  avia-builder-el-no-sibling  av-thin-font av-inherit-size av-linked-heading'><h1 class='av-special-heading-tag '  itemprop=\"headline\"  >Nous te cherchons<strong>!<\/strong><\/h1><div class=\"special-heading-border\"><div class=\"special-heading-inner-border\"><\/div><\/div><\/div>\n<\/div><\/div><\/div><!-- close content main div --><\/div><\/div><div id='av_section_1'  class='avia-section av-l466d4df-a72c200545b0e49c5520f512245f334b main_color avia-section-default avia-no-border-styling  avia-builder-el-1  el_after_av_heading  el_before_av_section  avia-bg-style-scroll container_wrap sidebar_right'  ><div class='container av-section-cont-open' ><div class='template-page content  av-content-small alpha units'><div class='post-entry post-entry-type-page post-entry-14621'><div class='entry-content-wrapper clearfix'>\n<div class='flex_column_table av-l4663k5f-29167da29f8ce945c20b8de6df981814 sc-av_two_third av-equal-height-column-flextable'><div  class='flex_column av-l4663k5f-29167da29f8ce945c20b8de6df981814 av_two_third  avia-builder-el-2  el_before_av_one_third  avia-builder-el-first  first flex_column_table_cell av-equal-height-column av-align-top  '     ><section  class='av_textblock_section av-jsa8j84v-1925787ac5c4b62d443ff1cab138f3f9 '   itemscope=\"itemscope\" itemtype=\"https:\/\/schema.org\/CreativeWork\" ><div class='avia_textblock'  itemprop=\"text\" ><p>Nous recherchons des b\u00e9n\u00e9voles motiv\u00e9s et engag\u00e9s pour chacun de nos \u00e9v\u00e9nements. Pour faire simple, nous te cherchons ! Le meilleur, c&#8217;est que tu peux te faire de l&#8217;argent de poche et que cela fait plaisir \u00e0 ton meilleur ami \u00e0 quatre pattes.<\/p>\n<h4>Tu es le starter<strong>.<\/strong><\/h4>\n<p>Pas de probl\u00e8me. Chez nous, tu peux participer au Tournoi avec ton chien et aider en m\u00eame temps. Le tout sans stress et avec suffisamment de temps pour que ton chien puisse s&#8217;\u00e9chauffer et sortir.<br \/>\nNos Tournoisont structur\u00e9s par classe. Cela signifie que tu peux effectuer une mission d&#8217;aide en dehors de ta classe.<\/p>\n<h4>Tu viens aider sans d\u00e9marrer<strong>.<\/strong><\/h4>\n<p>Si tu viens aider sans participer au Tournoi, tu peux l\u00e0 aussi choisir ton temps d&#8217;engagement. Comme nos Tournoisont organis\u00e9s par classe, ils sont divis\u00e9s en 3 parties. Ce que nous pr\u00e9f\u00e9rons, c&#8217;est que tu puisses venir nous aider toute la journ\u00e9e. C&#8217;est aussi la variante la plus lucrative financi\u00e8rement pour toi.<\/p>\n<p>Remplis le formulaire ci-dessous avec tes heures d&#8217;engagement possibles. Ton engagement sera r\u00e9mun\u00e9r\u00e9 en cons\u00e9quence. Apr\u00e8s ton inscription, nous te contacterons personnellement afin de pouvoir planifier avec toi ta mission de b\u00e9n\u00e9volat.<\/p>\n<\/div><\/section><\/div><div class='av-flex-placeholder'><\/div><div  class='flex_column av-1u3kpq-59692712aae6f629479841fb50468447 av_one_third  avia-builder-el-4  el_after_av_two_third  el_before_av_hr  flex_column_table_cell av-equal-height-column av-align-top  '     ><p>\n<style type=\"text\/css\" data-created_by=\"avia_inline_auto\" id=\"style-css-av-176pi73-4a5b9f82ba5636666fe74003963260e3\">\n#top .av-special-heading.av-176pi73-4a5b9f82ba5636666fe74003963260e3{\npadding-bottom:10px;\n}\nbody .av-special-heading.av-176pi73-4a5b9f82ba5636666fe74003963260e3 .av-special-heading-tag .heading-char{\nfont-size:25px;\n}\n.av-special-heading.av-176pi73-4a5b9f82ba5636666fe74003963260e3 .av-subheading{\nfont-size:15px;\n}\n<\/style>\n<div  class='av-special-heading av-176pi73-4a5b9f82ba5636666fe74003963260e3 av-special-heading-h2 blockquote modern-quote  avia-builder-el-5  el_before_av_iconlist  avia-builder-el-first  av-thin-font'><h2 class='av-special-heading-tag '  itemprop=\"headline\"  >Emplois d\u2019aide<strong>.<\/strong><\/h2><div class=\"special-heading-border\"><div class=\"special-heading-inner-border\"><\/div><\/div><\/div><br \/>\n\n<style type=\"text\/css\" data-created_by=\"avia_inline_auto\" id=\"style-css-av-l9fd9n5s-b18554eae53557062f8c9f436dfd6e85\">\n#top .avia-icon-list-container.av-l9fd9n5s-b18554eae53557062f8c9f436dfd6e85 .iconlist_icon{\ncolor:#ffffff;\nbackground-color:#e21010;\n}\n<\/style>\n<div  class='avia-icon-list-container av-l9fd9n5s-b18554eae53557062f8c9f436dfd6e85  avia-builder-el-6  el_after_av_heading  avia-builder-el-last '><ul class='avia-icon-list avia_animate_when_almost_visible avia-icon-list-left av-iconlist-big av-l9fd9n5s-b18554eae53557062f8c9f436dfd6e85 avia-iconlist-animate'>\n<li><div class='iconlist_icon av-l9fd6hs3-6628d2e4fa62516eb007fb9935cabe59 avia-font-entypo-fontello'><span class='iconlist-char' aria-hidden='true' data-av_icon='' data-av_iconfont='entypo-fontello'><\/span><\/div><article class=\"article-icon-entry av-iconlist-empty\"  itemscope=\"itemscope\" itemtype=\"https:\/\/schema.org\/CreativeWork\" ><div class=\"iconlist_content_wrap\"><header class=\"entry-content-header\" aria-label=\"Icon: Aide de parcours\"><h4 class='av_iconlist_title iconlist_title  '  itemprop=\"headline\" >Aide de parcours<\/h4><\/header><div class='iconlist_content '  itemprop=\"text\" ><\/div><\/div><footer class=\"entry-footer\"><\/footer><\/article><div class=\"iconlist-timeline\"><\/div><\/li>\n<li><div class='iconlist_icon av-l9fd6neu-5066f871bdf879daf4bb5f4416ba8d02 avia-font-entypo-fontello'><span class='iconlist-char' aria-hidden='true' data-av_icon='\ue8d1' data-av_iconfont='entypo-fontello'><\/span><\/div><article class=\"article-icon-entry av-iconlist-empty\"  itemscope=\"itemscope\" itemtype=\"https:\/\/schema.org\/CreativeWork\" ><div class=\"iconlist_content_wrap\"><header class=\"entry-content-header\" aria-label=\"Icon: Indicateur\"><h4 class='av_iconlist_title iconlist_title  '  itemprop=\"headline\" >Indicateur<\/h4><\/header><div class='iconlist_content '  itemprop=\"text\" ><\/div><\/div><footer class=\"entry-footer\"><\/footer><\/article><div class=\"iconlist-timeline\"><\/div><\/li>\n<li><div class='iconlist_icon av-l9fd78jc-24d4c85ca55233343ba194122e89fe66 avia-font-entypo-fontello'><span class='iconlist-char' aria-hidden='true' data-av_icon='\ue862' data-av_iconfont='entypo-fontello'><\/span><\/div><article class=\"article-icon-entry av-iconlist-empty\"  itemscope=\"itemscope\" itemtype=\"https:\/\/schema.org\/CreativeWork\" ><div class=\"iconlist_content_wrap\"><header class=\"entry-content-header\" aria-label=\"Icon: Couteau manuel\"><h4 class='av_iconlist_title iconlist_title  '  itemprop=\"headline\" >Couteau manuel<\/h4><\/header><div class='iconlist_content '  itemprop=\"text\" ><\/div><\/div><footer class=\"entry-footer\"><\/footer><\/article><div class=\"iconlist-timeline\"><\/div><\/li>\n<li><div class='iconlist_icon av-l9fd7udv-173decf0e5d358f072a3e7af9bc02581 avia-font-entypo-fontello'><span class='iconlist-char' aria-hidden='true' data-av_icon='\ue8aa' data-av_iconfont='entypo-fontello'><\/span><\/div><article class=\"article-icon-entry av-iconlist-empty\"  itemscope=\"itemscope\" itemtype=\"https:\/\/schema.org\/CreativeWork\" ><div class=\"iconlist_content_wrap\"><header class=\"entry-content-header\" aria-label=\"Icon: Chronom\u00e8tre \u00e9lectronique\"><h4 class='av_iconlist_title iconlist_title  '  itemprop=\"headline\" >Chronom\u00e8tre \u00e9lectronique<\/h4><\/header><div class='iconlist_content '  itemprop=\"text\" ><\/div><\/div><footer class=\"entry-footer\"><\/footer><\/article><div class=\"iconlist-timeline\"><\/div><\/li>\n<li><div class='iconlist_icon av-l9fd7jcw-b621398839170b7bce08de9ce3f2d709 avia-font-entypo-fontello'><span class='iconlist-char' aria-hidden='true' data-av_icon='\ue836' data-av_iconfont='entypo-fontello'><\/span><\/div><article class=\"article-icon-entry av-iconlist-empty\"  itemscope=\"itemscope\" itemtype=\"https:\/\/schema.org\/CreativeWork\" ><div class=\"iconlist_content_wrap\"><header class=\"entry-content-header\" aria-label=\"Icon: Enregistreur de juge\"><h4 class='av_iconlist_title iconlist_title  '  itemprop=\"headline\" >Enregistreur de juge<\/h4><\/header><div class='iconlist_content '  itemprop=\"text\" ><\/div><\/div><footer class=\"entry-footer\"><\/footer><\/article><div class=\"iconlist-timeline\"><\/div><\/li>\n<\/ul><\/div><\/p><\/div><\/div><!--close column table wrapper. Autoclose: 1 -->\n<style type=\"text\/css\" data-created_by=\"avia_inline_auto\" id=\"style-css-av-l9fdgplh-faff4d50fc24fbe0509d83bb05c5afa1\">\n#top .hr.hr-invisible.av-l9fdgplh-faff4d50fc24fbe0509d83bb05c5afa1{\nheight:50px;\n}\n<\/style>\n<div  class='hr av-l9fdgplh-faff4d50fc24fbe0509d83bb05c5afa1 hr-invisible  avia-builder-el-7  el_after_av_one_third  avia-builder-el-last '><span class='hr-inner '><span class=\"hr-inner-style\"><\/span><\/span><\/div>\n\n<\/div><\/div><\/div><!-- close content main div --><\/div><\/div><div id='av_section_2'  class='avia-section av-lci80x3h-e9b5bd642e37cc3f35fe4229853d4a16 main_color avia-section-default avia-no-border-styling  avia-builder-el-8  el_after_av_section  el_before_av_section  avia-bg-style-scroll container_wrap sidebar_right'  ><div class='container av-section-cont-open' ><div class='template-page content  av-content-small alpha units'><div class='post-entry post-entry-type-page post-entry-14621'><div class='entry-content-wrapper clearfix'>\n\n<style type=\"text\/css\" data-created_by=\"avia_inline_auto\" id=\"style-css-av-2p71n2-175bc3d0aed69ee1ab8479f43cfd7edb\">\n#top .av-special-heading.av-2p71n2-175bc3d0aed69ee1ab8479f43cfd7edb{\npadding-bottom:10px;\n}\nbody .av-special-heading.av-2p71n2-175bc3d0aed69ee1ab8479f43cfd7edb .av-special-heading-tag .heading-char{\nfont-size:25px;\n}\n.av-special-heading.av-2p71n2-175bc3d0aed69ee1ab8479f43cfd7edb .av-subheading{\nfont-size:15px;\n}\n<\/style>\n<div  class='av-special-heading av-2p71n2-175bc3d0aed69ee1ab8479f43cfd7edb av-special-heading-h2 blockquote modern-quote  avia-builder-el-9  el_before_av_codeblock  avia-builder-el-first  av-thin-font'><h2 class='av-special-heading-tag '  itemprop=\"headline\"  >Enregistrement des b\u00e9n\u00e9voles<strong>.<\/strong><\/h2><div class=\"special-heading-border\"><div class=\"special-heading-inner-border\"><\/div><\/div><\/div>\n\n\n<\/div><\/div><\/div><!-- close content main div --><\/div><\/div>\n<style type=\"text\/css\" data-created_by=\"avia_inline_auto\" id=\"style-css-av-jmlrzbxm-d15e8414a953c91128cfe09e4cb19b6f\">\n.avia-section.av-jmlrzbxm-d15e8414a953c91128cfe09e4cb19b6f .av-parallax .av-parallax-inner{\nbackground-repeat:no-repeat;\nbackground-image:url(https:\/\/swisscanincenter.ch\/wp-content\/uploads\/2019\/03\/helfer_01.jpg);\nbackground-position:50% 0%;\nbackground-attachment:scroll;\n}\n<\/style>\n<div id='av_section_3'  class='avia-section av-jmlrzbxm-d15e8414a953c91128cfe09e4cb19b6f main_color avia-section-default avia-no-border-styling  avia-builder-el-11  el_after_av_section  avia-builder-el-last  avia-full-stretch av-parallax-section avia-bg-style-parallax av-minimum-height av-minimum-height-50 av-height-50  container_wrap sidebar_right'  data-section-bg-repeat='stretch' data-av_minimum_height_pc='50' data-av_min_height_opt='50'><div class='av-parallax' data-avia-parallax-ratio='0.3' ><div class='av-parallax-inner main_color avia-full-stretch'><\/div><\/div><div class='container av-section-cont-open' ><div class='template-page content  av-content-small alpha units'><div class='post-entry post-entry-type-page post-entry-14621'><div class='entry-content-wrapper clearfix'><\/div><\/div><\/div><!-- close content main div --><\/div><\/div><div id='after_section_3'  class='main_color av_default_container_wrap container_wrap sidebar_right'  ><div class='container av-section-cont-open' ><div class='template-page content  av-content-small alpha units'><div class='post-entry post-entry-type-page post-entry-14621'><div class='entry-content-wrapper clearfix'>\n","protected":false},"excerpt":{"rendered":"","protected":false},"author":1,"featured_media":0,"parent":12812,"menu_order":24,"comment_status":"closed","ping_status":"closed","template":"","meta":{"footnotes":""},"class_list":["post-14621","page","type-page","status-publish","hentry"],"_links":{"self":[{"href":"https:\/\/swisscanincenter.ch\/index.php?rest_route=\/wp\/v2\/pages\/14621","targetHints":{"allow":["GET"]}}],"collection":[{"href":"https:\/\/swisscanincenter.ch\/index.php?rest_route=\/wp\/v2\/pages"}],"about":[{"href":"https:\/\/swisscanincenter.ch\/index.php?rest_route=\/wp\/v2\/types\/page"}],"author":[{"embeddable":true,"href":"https:\/\/swisscanincenter.ch\/index.php?rest_route=\/wp\/v2\/users\/1"}],"replies":[{"embeddable":true,"href":"https:\/\/swisscanincenter.ch\/index.php?rest_route=%2Fwp%2Fv2%2Fcomments&post=14621"}],"version-history":[{"count":2,"href":"https:\/\/swisscanincenter.ch\/index.php?rest_route=\/wp\/v2\/pages\/14621\/revisions"}],"predecessor-version":[{"id":14623,"href":"https:\/\/swisscanincenter.ch\/index.php?rest_route=\/wp\/v2\/pages\/14621\/revisions\/14623"}],"up":[{"embeddable":true,"href":"https:\/\/swisscanincenter.ch\/index.php?rest_route=\/wp\/v2\/pages\/12812"}],"wp:attachment":[{"href":"https:\/\/swisscanincenter.ch\/index.php?rest_route=%2Fwp%2Fv2%2Fmedia&parent=14621"}],"curies":[{"name":"wp","href":"https:\/\/api.w.org\/{rel}","templated":true}]}}