{"id":12839,"date":"2021-07-19T22:57:49","date_gmt":"2021-07-19T21:57:49","guid":{"rendered":"https:\/\/swisscanincenter.ch\/?page_id=12839"},"modified":"2023-02-13T16:43:47","modified_gmt":"2023-02-13T15:43:47","slug":"camping","status":"publish","type":"page","link":"https:\/\/swisscanincenter.ch\/?page_id=12839&lang=fr","title":{"rendered":"Camping"},"content":{"rendered":"\n<style type=\"text\/css\" data-created_by=\"avia_inline_auto\" id=\"style-css-av-egogd-996a99e8a44462e4c52db57a5af280de\">\n#top .av-special-heading.av-egogd-996a99e8a44462e4c52db57a5af280de{\npadding-bottom:30px;\nfont-size:80px;\n}\nbody .av-special-heading.av-egogd-996a99e8a44462e4c52db57a5af280de .av-special-heading-tag .heading-char{\nfont-size:25px;\n}\n#top #wrap_all .av-special-heading.av-egogd-996a99e8a44462e4c52db57a5af280de .av-special-heading-tag{\nfont-size:80px;\n}\n.av-special-heading.av-egogd-996a99e8a44462e4c52db57a5af280de .av-subheading{\nfont-size:15px;\n}\n\n@media only screen and (min-width: 480px) and (max-width: 767px){ \n#top #wrap_all .av-special-heading.av-egogd-996a99e8a44462e4c52db57a5af280de .av-special-heading-tag{\nfont-size:0.8em;\n}\n}\n\n@media only screen and (max-width: 479px){ \n#top #wrap_all .av-special-heading.av-egogd-996a99e8a44462e4c52db57a5af280de .av-special-heading-tag{\nfont-size:0.8em;\n}\n}\n<\/style>\n<div  class='av-special-heading av-egogd-996a99e8a44462e4c52db57a5af280de av-special-heading-h1 blockquote modern-quote  avia-builder-el-0  el_before_av_textblock  avia-builder-el-first  av-thin-font av-inherit-size'><h1 class='av-special-heading-tag '  itemprop=\"headline\"  >CAMPING<strong>.<\/strong><\/h1><div class=\"special-heading-border\"><div class=\"special-heading-inner-border\"><\/div><\/div><\/div>\n<section  class='av_textblock_section av-krb5ul5i-cc4792dc5a7058d464e7729fe1438cba '   itemscope=\"itemscope\" itemtype=\"https:\/\/schema.org\/CreativeWork\" ><div class='avia_textblock'  itemprop=\"text\" ><p>L&#8217;ar\u00e8ne dispose d&#8217;un camping s\u00e9par\u00e9 et de quelques emplacements directement \u00e0 c\u00f4t\u00e9 de l&#8217;ar\u00e8ne. Pour nos tournois et s\u00e9minaires, les emplacements pr\u00e8s de l&#8217;ar\u00e8ne sont toujours disponibles. Lors d&#8217;\u00e9v\u00e9nements plus importants, le camping est \u00e9galement ouvert.<\/p>\n<p>Dans tous les cas, un emplacement doit \u00eatre r\u00e9serv\u00e9 \u00e0 l&#8217;avance via le syst\u00e8me de r\u00e9servation. Aucun emplacement ne peut \u00eatre attribu\u00e9 sans r\u00e9servation pr\u00e9alable.<\/p>\n<h4>\u00c9quipement<strong>.<\/strong><\/h4>\n<ul>\n<li>\u00e9lectricit\u00e9 pour chaque emplacement<\/li>\n<li>eau douce centralis\u00e9e<\/li>\n<li>Douches et sanitaires disponibles dans l&#8217;ar\u00e8ne<\/li>\n<li>Nature du sol\n<ul>\n<li>Emplacements pr\u00e8s de l&#8217;ar\u00e8ne : pav\u00e9s autobloquants<\/li>\n<li>Camping: Prairie<\/li>\n<\/ul>\n<\/li>\n<\/ul>\n<h4>R\u00e9server un camping<strong>.<\/strong><\/h4>\n<p>Un emplacement est r\u00e9serv\u00e9 directement via le syst\u00e8me de r\u00e9servation de l&#8217;ar\u00e8ne. Les emplacements disponibles sont ceux qui ont \u00e9t\u00e9 valid\u00e9s dans le syst\u00e8me. Les emplacements sont num\u00e9rot\u00e9s et attribu\u00e9s lors de la r\u00e9servation.<\/p>\n<div  class='avia-button-wrap av-28fksz-04cb44c988214ca0b3c15374f7e413e8-wrap avia-button-center  avia-builder-el-2  avia-builder-el-no-sibling '><a href='https:\/\/booking.swissdogarena.ch\/de\/camping'  class='avia-button av-28fksz-04cb44c988214ca0b3c15374f7e413e8 av-link-btn avia-icon_select-yes-left-icon avia-size-large avia-position-center avia-color-theme-color'  target=\"_blank\"  rel=\"noopener noreferrer\" title=\"Du wirst auf eine externe Webseite weitergeleitet.\" aria-label=\"Du wirst auf eine externe Webseite weitergeleitet.\"><span class='avia_button_icon avia_button_icon_left' aria-hidden='true' data-av_icon='\ue86c' data-av_iconfont='entypo-fontello'><\/span><span class='avia_iconbox_title' >R\u00e9serve ton camping*<\/span><\/a><\/div>\n<\/div><\/section>\n\n<style type=\"text\/css\" data-created_by=\"avia_inline_auto\" id=\"style-css-av-kxyjiobk-9ab46824b920f9558f5d6576165b7201\">\n#top .av_textblock_section.av-kxyjiobk-9ab46824b920f9558f5d6576165b7201 .avia_textblock{\nfont-size:10px;\n}\n<\/style>\n<section  class='av_textblock_section av-kxyjiobk-9ab46824b920f9558f5d6576165b7201 '   itemscope=\"itemscope\" itemtype=\"https:\/\/schema.org\/CreativeWork\" ><div class='avia_textblock'  itemprop=\"text\" ><p style=\"text-align: center;\">*Tu vas \u00eatre redirig\u00e9 vers un site web externe.<\/p>\n<\/div><\/section>\n<section  class='av_textblock_section av-kxyjkwm3-533fcdb4ebb6d6f94575821ba9cb3739 '   itemscope=\"itemscope\" itemtype=\"https:\/\/schema.org\/CreativeWork\" ><div class='avia_textblock'  itemprop=\"text\" ><h4>Questions sur la r\u00e9servation<strong>.<\/strong><\/h4>\n<p>Si vous avez des questions sur le syst\u00e8me de r\u00e9servation ou si vous rencontrez des difficult\u00e9s lors du processus de r\u00e9servation, nous vous prions de contacter directement l&#8216;<a href=\"https:\/\/corona.swissdogarena.ch\/\" target=\"_blank\" rel=\"noopener\">ar\u00e8ne<\/a>. Nous ne pouvons pas fournir d&#8217;aide, car la plateforme n&#8217;est pas g\u00e9r\u00e9e par nous.<\/p>\n<div  class='avia-button-wrap av-3vppib-1e2d12f3d745170be05e104ec5cda353-wrap avia-button-center  avia-builder-el-5  avia-builder-el-no-sibling '><a href='mailto:info@swissdogarena.ch'  class='avia-button av-3vppib-1e2d12f3d745170be05e104ec5cda353 av-link-btn avia-icon_select-yes-left-icon avia-size-large avia-position-center avia-color-theme-color'  target=\"_blank\"  rel=\"noopener noreferrer\"  aria-label=\"Contacter Arena\"><span class='avia_button_icon avia_button_icon_left' aria-hidden='true' data-av_icon='\ue836' data-av_iconfont='entypo-fontello'><\/span><span class='avia_iconbox_title' >Contacter Arena<\/span><\/a><\/div>\n<\/div><\/section>\n\n<style type=\"text\/css\" data-created_by=\"avia_inline_auto\" id=\"style-css-av-2p8uxf-a97c88dd3de9433de66e3b0ed34ada91\">\n#top .av_textblock_section.av-2p8uxf-a97c88dd3de9433de66e3b0ed34ada91 .avia_textblock{\nfont-size:10px;\n}\n<\/style>\n<section  class='av_textblock_section av-2p8uxf-a97c88dd3de9433de66e3b0ed34ada91 '   itemscope=\"itemscope\" itemtype=\"https:\/\/schema.org\/CreativeWork\" ><div class='avia_textblock'  itemprop=\"text\" ><p style=\"text-align: center;\">*Tu vas \u00eatre redirig\u00e9 vers un site web externe.<\/p>\n<\/div><\/section>\n<\/div><\/div><\/div><!-- close content main div --><\/div><\/div>\n<style type=\"text\/css\" data-created_by=\"avia_inline_auto\" id=\"style-css-av-jmlrzbxm-690eb3155368ff356a617879e1bf4f42\">\n.avia-section.av-jmlrzbxm-690eb3155368ff356a617879e1bf4f42 .av-parallax .av-parallax-inner{\nbackground-repeat:no-repeat;\nbackground-image:url(https:\/\/swisscanincenter.ch\/wp-content\/uploads\/location_camping.jpg);\nbackground-position:50% 100%;\nbackground-attachment:scroll;\n}\n<\/style>\n<div id='av_section_1'  class='avia-section av-jmlrzbxm-690eb3155368ff356a617879e1bf4f42 main_color avia-section-default avia-no-border-styling  avia-builder-el-7  el_after_av_textblock  avia-builder-el-last  avia-full-stretch av-parallax-section avia-bg-style-parallax av-minimum-height av-minimum-height-50 av-height-50  container_wrap sidebar_right'  data-section-bg-repeat='stretch' data-av_minimum_height_pc='50' data-av_min_height_opt='50'><div class='av-parallax' data-avia-parallax-ratio='0.3' ><div class='av-parallax-inner main_color avia-full-stretch'><\/div><\/div><div class='container av-section-cont-open' ><div class='template-page content  av-content-small alpha units'><div class='post-entry post-entry-type-page post-entry-12839'><div class='entry-content-wrapper clearfix'><\/div><\/div><\/div><!-- close content main div --><\/div><\/div><div id='after_section_1'  class='main_color av_default_container_wrap container_wrap sidebar_right'  ><div class='container av-section-cont-open' ><div class='template-page content  av-content-small alpha units'><div class='post-entry post-entry-type-page post-entry-12839'><div class='entry-content-wrapper clearfix'>\n","protected":false},"excerpt":{"rendered":"","protected":false},"author":1,"featured_media":0,"parent":12812,"menu_order":23,"comment_status":"closed","ping_status":"closed","template":"","meta":{"footnotes":""},"class_list":["post-12839","page","type-page","status-publish","hentry"],"_links":{"self":[{"href":"https:\/\/swisscanincenter.ch\/index.php?rest_route=\/wp\/v2\/pages\/12839","targetHints":{"allow":["GET"]}}],"collection":[{"href":"https:\/\/swisscanincenter.ch\/index.php?rest_route=\/wp\/v2\/pages"}],"about":[{"href":"https:\/\/swisscanincenter.ch\/index.php?rest_route=\/wp\/v2\/types\/page"}],"author":[{"embeddable":true,"href":"https:\/\/swisscanincenter.ch\/index.php?rest_route=\/wp\/v2\/users\/1"}],"replies":[{"embeddable":true,"href":"https:\/\/swisscanincenter.ch\/index.php?rest_route=%2Fwp%2Fv2%2Fcomments&post=12839"}],"version-history":[{"count":8,"href":"https:\/\/swisscanincenter.ch\/index.php?rest_route=\/wp\/v2\/pages\/12839\/revisions"}],"predecessor-version":[{"id":15364,"href":"https:\/\/swisscanincenter.ch\/index.php?rest_route=\/wp\/v2\/pages\/12839\/revisions\/15364"}],"up":[{"embeddable":true,"href":"https:\/\/swisscanincenter.ch\/index.php?rest_route=\/wp\/v2\/pages\/12812"}],"wp:attachment":[{"href":"https:\/\/swisscanincenter.ch\/index.php?rest_route=%2Fwp%2Fv2%2Fmedia&parent=12839"}],"curies":[{"name":"wp","href":"https:\/\/api.w.org\/{rel}","templated":true}]}}