{"id":12812,"date":"2018-09-08T20:26:12","date_gmt":"2018-09-08T19:26:12","guid":{"rendered":"https:\/\/swisscanincenter.ch\/?page_id=12812"},"modified":"2024-02-16T14:24:41","modified_gmt":"2024-02-16T13:24:41","slug":"turniere","status":"publish","type":"page","link":"https:\/\/swisscanincenter.ch\/?page_id=12812&lang=fr","title":{"rendered":"Tournois"},"content":{"rendered":"\n<style type=\"text\/css\" data-created_by=\"avia_inline_auto\" id=\"style-css-av-ecv3v-6f9139c3a782bdeae0f7722b7a62e5cb\">\n#top .av-special-heading.av-ecv3v-6f9139c3a782bdeae0f7722b7a62e5cb{\npadding-bottom:30px;\nfont-size:80px;\n}\nbody .av-special-heading.av-ecv3v-6f9139c3a782bdeae0f7722b7a62e5cb .av-special-heading-tag .heading-char{\nfont-size:25px;\n}\n#top #wrap_all .av-special-heading.av-ecv3v-6f9139c3a782bdeae0f7722b7a62e5cb .av-special-heading-tag{\nfont-size:80px;\n}\n.av-special-heading.av-ecv3v-6f9139c3a782bdeae0f7722b7a62e5cb .av-subheading{\nfont-size:15px;\n}\n\n@media only screen and (min-width: 480px) and (max-width: 767px){ \n#top #wrap_all .av-special-heading.av-ecv3v-6f9139c3a782bdeae0f7722b7a62e5cb .av-special-heading-tag{\nfont-size:0.8em;\n}\n}\n\n@media only screen and (max-width: 479px){ \n#top #wrap_all .av-special-heading.av-ecv3v-6f9139c3a782bdeae0f7722b7a62e5cb .av-special-heading-tag{\nfont-size:0.8em;\n}\n}\n<\/style>\n<div  class='av-special-heading av-ecv3v-6f9139c3a782bdeae0f7722b7a62e5cb av-special-heading-h1 blockquote modern-quote  avia-builder-el-0  el_before_av_textblock  avia-builder-el-first  av-thin-font av-inherit-size'><h1 class='av-special-heading-tag '  itemprop=\"headline\"  >TOURNOIS<strong>.<\/strong><\/h1><div class=\"special-heading-border\"><div class=\"special-heading-inner-border\"><\/div><\/div><\/div>\n\n<style type=\"text\/css\" data-created_by=\"avia_inline_auto\" id=\"style-css-av-jr1vx01t-8b1ba803d5437407136c1d25f2538f38\">\n#top .av_textblock_section.av-jr1vx01t-8b1ba803d5437407136c1d25f2538f38 .avia_textblock{\nfont-size:14px;\n}\n<\/style>\n<section  class='av_textblock_section av-jr1vx01t-8b1ba803d5437407136c1d25f2538f38 '   itemscope=\"itemscope\" itemtype=\"https:\/\/schema.org\/CreativeWork\" ><div class='avia_textblock'  itemprop=\"text\" ><div class=\"o9v6fnle cxmmr5t8 oygrvhab hcukyx3x c1et5uql\"><strong>R\u00e8glement du tournoi<\/strong><br \/>\nEn t&#8217;inscrivant, tu acceptes tacitement le r\u00e8glement du tournoi.<\/div>\n<\/div><\/section>\n\n<style type=\"text\/css\" data-created_by=\"avia_inline_auto\" id=\"style-css-av-kycywdzp-5fbab8fb456c15bc4eee7c7bb5f0ab64\">\n#top .hr.hr-invisible.av-kycywdzp-5fbab8fb456c15bc4eee7c7bb5f0ab64{\nheight:25px;\n}\n<\/style>\n<div  class='hr av-kycywdzp-5fbab8fb456c15bc4eee7c7bb5f0ab64 hr-invisible  avia-builder-el-2  el_after_av_textblock  el_before_av_textblock  av-desktop-hide av-medium-hide'><span class='hr-inner '><span class=\"hr-inner-style\"><\/span><\/span><\/div>\n\n<style type=\"text\/css\" data-created_by=\"avia_inline_auto\" id=\"style-css-av-kycyuq0u-2997ef161f09186ff50bd9b2ab980ba9\">\n#top .av_textblock_section.av-kycyuq0u-2997ef161f09186ff50bd9b2ab980ba9 .avia_textblock{\nfont-size:14px;\n}\n<\/style>\n<section  class='av_textblock_section av-kycyuq0u-2997ef161f09186ff50bd9b2ab980ba9 '   itemscope=\"itemscope\" itemtype=\"https:\/\/schema.org\/CreativeWork\" ><div class='av-desktop-hide av-medium-hide avia_textblock'  itemprop=\"text\" ><div class=\"o9v6fnle cxmmr5t8 oygrvhab hcukyx3x c1et5uql\"><strong>Conseil : <\/strong>fais d\u00e9filer \u00e0 gauche et \u00e0 droite pour afficher toutes les informations dans un appel d&#8217;offres.<\/div>\n<\/div><\/section>\n<div  class='togglecontainer av-l93ejray-79911314ed6fa6d9fafd468dccf8ece0 av-minimal-toggle  avia-builder-el-4  el_after_av_textblock  el_before_av_section  avia-builder-el-last  toggle_close_all' >\n<section class='av_toggle_section av-l93er531-257a90081db85e410a3781e0db0d824b'  itemscope=\"itemscope\" itemtype=\"https:\/\/schema.org\/CreativeWork\" ><div role=\"tablist\" class=\"single_toggle\" data-tags=\"{Alle} \"  ><p id='toggle-toggle-id-1' data-fake-id='#toggle-id-1' class='toggler  av-title-above '  itemprop=\"headline\"  role='tab' tabindex='0' aria-controls='toggle-id-1' data-slide-speed=\"200\" data-title=\"17 f\u00e9vrier 2024 - samedi | Jan Egil Eide (NOR)\" data-title-open=\"\" data-aria_collapsed=\"Click to expand: 17 f\u00e9vrier 2024 - samedi | Jan Egil Eide (NOR)\" data-aria_expanded=\"Click to collapse: 17 f\u00e9vrier 2024 - samedi | Jan Egil Eide (NOR)\">17 f\u00e9vrier 2024 - samedi | Jan Egil Eide (NOR)<span class=\"toggle_icon\"><span class=\"vert_icon\"><\/span><span class=\"hor_icon\"><\/span><\/span><\/p><div id='toggle-id-1' aria-labelledby='toggle-toggle-id-1' role='region' class='toggle_wrap  av-title-above'  ><div class='toggle_content invers-color '  itemprop=\"text\" ><div style=\"overflow: scroll; overflow-y: hidden; overflow-x: auto;\">\n<h1 class=\"jxuftiz4 jwegzro5 hl4rid49 icdlwmnq\"><\/h1>\n<table style=\"width: 100%;\">\n<tbody>\n<tr>\n<th>Lieu<br \/>\nAssociation<\/th>\n<th>Juge<\/th>\n<th>D\u00e9but de l&#8217;inscription<br \/>\nDate limite d&#8217;inscription<\/th>\n<th>Cat\u00e9gories<br \/>\nClasses<\/th>\n<th>Inscription<br \/>\n&amp; Camping<\/th>\n<th>Frais d&#8217;inscription<\/th>\n<th>Informations<\/th>\n<\/tr>\n<tr>\n<td>Swiss Dog Arena, M\u00fcnsingen<br \/>\nAaretaler Hundesport<\/td>\n<td>\n<ul>\n<li>Jan Egil Eide (NOR)<\/li>\n<\/ul>\n<\/td>\n<td>01.09.2023<br \/>\n14.02.2024<\/td>\n<td>Large &#8211; 1, 2, 3<br \/>\nIntermediate &#8211; 1, 2, 3<br \/>\nMedium &#8211; 1, 2, 3<br \/>\nSmall &#8211; 1, 2, 3<\/td>\n<td><a href=\"http:\/\/www.agilitysports.ch\/_appl\/aoa\/sportler\/Turnierdetails_view.php?editid1=8998\" target=\"_blank\" rel=\"noopener\">Inscription<\/a><br \/>\n<a href=\"https:\/\/booking.swissdogarena.ch\/de\/camping\" target=\"_blank\" rel=\"noopener\">Inscription au camping<\/a><\/td>\n<td>CHF 35.- \/ \u00e9quipe<\/td>\n<td><a href=\"https:\/\/swisscanincenter.ch\/wp-content\/uploads\/20240217_Zeitplan_SA.pdf\" target=\"_blank\" rel=\"noopener\">Horaire<\/a><br \/>\n<a href=\"https:\/\/swisscanincenter.ch\/wp-content\/uploads\/20240217_Startliste_all.pdf\" target=\"_blank\" rel=\"noopener\">Listes de d\u00e9part<\/a><\/td>\n<\/tr>\n<\/tbody>\n<\/table>\n<div><\/div>\n<\/div>\n<\/div><\/div><\/div><\/section>\n<section class='av_toggle_section av-l93es047-4772ac9ff8e55192359dead16ac6afe4'  itemscope=\"itemscope\" itemtype=\"https:\/\/schema.org\/CreativeWork\" ><div role=\"tablist\" class=\"single_toggle\" data-tags=\"{Alle} \"  ><p id='toggle-toggle-id-2' data-fake-id='#toggle-id-2' class='toggler  av-title-above '  itemprop=\"headline\"  role='tab' tabindex='0' aria-controls='toggle-id-2' data-slide-speed=\"200\" data-title=\"18 f\u00e9vrier 2024 - dimanche | Jan Egil Eide (NOR)\" data-title-open=\"\" data-aria_collapsed=\"Click to expand: 18 f\u00e9vrier 2024 - dimanche | Jan Egil Eide (NOR)\" data-aria_expanded=\"Click to collapse: 18 f\u00e9vrier 2024 - dimanche | Jan Egil Eide (NOR)\">18 f\u00e9vrier 2024 - dimanche | Jan Egil Eide (NOR)<span class=\"toggle_icon\"><span class=\"vert_icon\"><\/span><span class=\"hor_icon\"><\/span><\/span><\/p><div id='toggle-id-2' aria-labelledby='toggle-toggle-id-2' role='region' class='toggle_wrap  av-title-above'  ><div class='toggle_content invers-color '  itemprop=\"text\" ><div style=\"overflow: scroll; overflow-y: hidden; overflow-x: auto;\">\n<table style=\"width: 100%;\">\n<tbody>\n<tr>\n<th>Lieu<br \/>\nAssociation<\/th>\n<th>Juge<\/th>\n<th>D\u00e9but de l&#8217;inscription<br \/>\nDate limite d&#8217;inscription<\/th>\n<th>Cat\u00e9gories<br \/>\nClasses<\/th>\n<th>Inscription<br \/>\n&amp; Campoing<\/th>\n<th>Frais d&#8217;inscription<\/th>\n<th>Informations<\/th>\n<\/tr>\n<tr>\n<td>Swiss Dog Arena, M\u00fcnsingen<br \/>\nAaretaler Hundesport<\/td>\n<td>\n<ul>\n<li>Jan Egil Eide (NOR)<\/li>\n<\/ul>\n<\/td>\n<td>01.09.2023<br \/>\n14.02.2024<\/td>\n<td>Large &#8211; 1, 2, 3<br \/>\nIntermediate &#8211; 1, 2, 3<br \/>\nMedium &#8211; 1, 2, 3<br \/>\nSmall &#8211; 1, 2, 3<\/td>\n<td><a href=\"http:\/\/www.agilitysports.ch\/_appl\/aoa\/sportler\/Turnierdetails_view.php?editid1=8999\" target=\"_blank\" rel=\"noopener\">Inscription<\/a><br \/>\n<a href=\"https:\/\/booking.swissdogarena.ch\/de\/camping\" target=\"_blank\" rel=\"noopener\">Inscription au camping<\/a><\/td>\n<td>CHF 35.- \/ \u00e9quipe<\/td>\n<td><a href=\"https:\/\/swisscanincenter.ch\/wp-content\/uploads\/20240218_Zeitplan_SO.pdf\" target=\"_blank\" rel=\"noopener\">Horaire<\/a><br \/>\n<a href=\"https:\/\/swisscanincenter.ch\/wp-content\/uploads\/20240218_Startliste_all.pdf\" target=\"_blank\" rel=\"noopener\">Listes de d\u00e9part<\/a><\/td>\n<\/tr>\n<\/tbody>\n<\/table>\n<div><\/div>\n<\/div>\n<\/div><\/div><\/div><\/section>\n<section class='av_toggle_section av-l93ejmnf-53b0876633fc73fb7e20145fbd4daea2'  itemscope=\"itemscope\" itemtype=\"https:\/\/schema.org\/CreativeWork\" ><div role=\"tablist\" class=\"single_toggle\" data-tags=\"{Alle} \"  ><p id='toggle-toggle-id-3' data-fake-id='#toggle-id-3' class='toggler  av-title-above '  itemprop=\"headline\"  role='tab' tabindex='0' aria-controls='toggle-id-3' data-slide-speed=\"200\" data-title=\"Ao\u00fbt 2024 - HELVETIC AGILITY MASTERS\" data-title-open=\"\" data-aria_collapsed=\"Click to expand: Ao\u00fbt 2024 - HELVETIC AGILITY MASTERS\" data-aria_expanded=\"Click to collapse: Ao\u00fbt 2024 - HELVETIC AGILITY MASTERS\">Ao\u00fbt 2024 - HELVETIC AGILITY MASTERS<span class=\"toggle_icon\"><span class=\"vert_icon\"><\/span><span class=\"hor_icon\"><\/span><\/span><\/p><div id='toggle-id-3' aria-labelledby='toggle-toggle-id-3' role='region' class='toggle_wrap  av-title-above'  ><div class='toggle_content invers-color '  itemprop=\"text\" ><div style=\"overflow: scroll; overflow-y: hidden; overflow-x: auto;\">\n<table style=\"width: 100%;\">\n<tbody>\n<tr>\n<th>Lieu<br \/>\nAssociation<\/th>\n<th>Juge<\/th>\n<th>D\u00e9but de l&#8217;inscription<br \/>\nDate limite d&#8217;inscription<\/th>\n<th>Cat\u00e9gories<br \/>\nClasses<\/th>\n<th>Inscription<br \/>\n&amp; Camping<\/th>\n<th>INFO &amp; Sp\u00e9cial<\/th>\n<\/tr>\n<tr>\n<td>Swiss Dog Arena, M\u00fcnsingen<br \/>\nAaretaler Hundesport<\/td>\n<td>lineup international de juges<\/td>\n<td>plus d&#8217;infos<br \/>\n<a href=\"https:\/\/helveticagilitymasters.ch\/\" target=\"_blank\" rel=\"noopener\">helveticagilitymasters.ch<\/a><\/td>\n<td>Small, 1-3<br \/>\nMedium, 1-3<br \/>\nIntermediate &#8211; 1, 2, 3<br \/>\nLarge, 1-3<\/td>\n<td>plus d&#8217;infos<br \/>\n<a href=\"https:\/\/helveticagilitymasters.ch\/\" target=\"_blank\" rel=\"noopener\">helveticagilitymasters.ch<\/a><\/td>\n<td>5e \u00e9dition de l&#8217;HELVETIC AGILITY MASTERS<\/td>\n<\/tr>\n<\/tbody>\n<\/table>\n<div><\/div>\n<\/div>\n<\/div><\/div><\/div><\/section>\n<\/div>\n<\/div><\/div><\/div><!-- close content main div --><\/div><\/div>\n<style type=\"text\/css\" data-created_by=\"avia_inline_auto\" id=\"style-css-av-jmlrwcn4-9bb61aeb48e2a4fec6ba97f01b1b6b3c\">\n.avia-section.av-jmlrwcn4-9bb61aeb48e2a4fec6ba97f01b1b6b3c .av-parallax .av-parallax-inner{\nbackground-repeat:no-repeat;\nbackground-image:url(https:\/\/swisscanincenter.ch\/wp-content\/uploads\/2018\/10\/action_take_tunnel.jpg);\nbackground-position:50% 100%;\nbackground-attachment:scroll;\n}\n<\/style>\n<div id='av_section_1'  class='avia-section av-jmlrwcn4-9bb61aeb48e2a4fec6ba97f01b1b6b3c main_color avia-section-default avia-no-border-styling  avia-builder-el-5  el_after_av_toggle_container  avia-builder-el-last  avia-full-stretch av-parallax-section avia-bg-style-parallax av-minimum-height av-minimum-height-50 av-height-50  container_wrap sidebar_right'  data-section-bg-repeat='stretch' data-av_minimum_height_pc='50' data-av_min_height_opt='50'><div class='av-parallax' data-avia-parallax-ratio='0.3' ><div class='av-parallax-inner main_color avia-full-stretch'><\/div><\/div><div class='container av-section-cont-open' ><div class='template-page content  av-content-small alpha units'><div class='post-entry post-entry-type-page post-entry-12812'><div class='entry-content-wrapper clearfix'><\/div><\/div><\/div><!-- close content main div --><\/div><\/div><div id='after_section_1'  class='main_color av_default_container_wrap container_wrap sidebar_right'  ><div class='container av-section-cont-open' ><div class='template-page content  av-content-small alpha units'><div class='post-entry post-entry-type-page post-entry-12812'><div class='entry-content-wrapper clearfix'>\n","protected":false},"excerpt":{"rendered":"","protected":false},"author":1,"featured_media":0,"parent":0,"menu_order":20,"comment_status":"closed","ping_status":"closed","template":"","meta":{"footnotes":""},"class_list":["post-12812","page","type-page","status-publish","hentry"],"_links":{"self":[{"href":"https:\/\/swisscanincenter.ch\/index.php?rest_route=\/wp\/v2\/pages\/12812","targetHints":{"allow":["GET"]}}],"collection":[{"href":"https:\/\/swisscanincenter.ch\/index.php?rest_route=\/wp\/v2\/pages"}],"about":[{"href":"https:\/\/swisscanincenter.ch\/index.php?rest_route=\/wp\/v2\/types\/page"}],"author":[{"embeddable":true,"href":"https:\/\/swisscanincenter.ch\/index.php?rest_route=\/wp\/v2\/users\/1"}],"replies":[{"embeddable":true,"href":"https:\/\/swisscanincenter.ch\/index.php?rest_route=%2Fwp%2Fv2%2Fcomments&post=12812"}],"version-history":[{"count":152,"href":"https:\/\/swisscanincenter.ch\/index.php?rest_route=\/wp\/v2\/pages\/12812\/revisions"}],"predecessor-version":[{"id":19006,"href":"https:\/\/swisscanincenter.ch\/index.php?rest_route=\/wp\/v2\/pages\/12812\/revisions\/19006"}],"wp:attachment":[{"href":"https:\/\/swisscanincenter.ch\/index.php?rest_route=%2Fwp%2Fv2%2Fmedia&parent=12812"}],"curies":[{"name":"wp","href":"https:\/\/api.w.org\/{rel}","templated":true}]}}